{"id":830,"date":"2018-12-12T20:44:55","date_gmt":"2018-12-12T20:44:55","guid":{"rendered":"http:\/\/apa2019.apantropologia.org\/programa\/"},"modified":"2019-05-19T16:14:30","modified_gmt":"2019-05-19T16:14:30","slug":"program","status":"publish","type":"page","link":"https:\/\/apa2019.apantropologia.org\/en\/program\/","title":{"rendered":"Provisional program"},"content":{"rendered":"<body><p>(Portuguese only)<\/p>\n<h2><strong><u>3 de junho de 2019, Segunda-feira<\/u><\/strong><\/h2>\n<p>14:30 \u2013 19:00 &gt; Mostra Itinerante Pr\u00e9mio Pierre Verger | <em>Audit\u00f3rio 2 \u2013 NOVA FCSH<\/em><br>\n14:30 \u2013 16:30 &gt; sess\u00e3o 1: Cortadores<em> de pedra <\/em>de Paula Pflu\u0308ger Zanardi, 2017, 31min<br>\n<em>Deixa na re\u0301gua<\/em> de Emi\u0301lio Domingos, 2017, 73min<br>\n17:00 \u2013 19:00 &gt; sess\u00e3o 2<em>: Outro fogo<\/em> de Guilherme Moura Fagundes, 2017, 21min<br>\n<em>Entre parentes <\/em>de Tiago de Arag\u00e3o, 2018, 28 min;<br>\n<em>Ver peixe <\/em>de Rafael Victorino Devos, 2017, 46 min<em><br>\n<\/em><\/p>\n<h2><strong><u>4 de junho de 2019, Quarta-feira<\/u><\/strong><\/h2>\n<p>14:00 \u2013 16:30 &gt; Mostra de Filme Etnogr\u00e1fico do Centro de Estudos de Etnologia \/ homenagem a Benjamim Pereira <em>| Museu Nacional de Etnologia<br>\n<\/em>16:30 \u2013 18:00 &gt; 30\u00ba anivers\u00e1rio APA: Sess\u00e3o de Homenagem aos ex-Presidentes de Dire\u00e7\u00e3o da APA<em> | Museu Nacional de Etnologia<br>\n<\/em>18:00 &gt; Inaugura\u00e7\u00e3o da Exposi\u00e7\u00e3o Mostra do Concurso de Artistas APA 2019 <em>| Museu Nacional de Etnologia<br>\n18:30 \u2013 20:00 &gt; Cocktail de Boas Vinda<\/em>s<em> | Museu Nacional de Etnologia<br>\n<\/em>[20:00 \u2013 21:30 &gt; Jantar Livre]<br>\n21:30 \u2013 23:30 &gt; Mostra de Filme Etnogr\u00e1fico: Filmes selecionados<em> | Museu Nacional de Etnologia<\/em><\/p>\n<h2><strong><u>5 de junho de 2019, Quarta-feira<\/u><\/strong><\/h2>\n<p>08:30 \u2013 18:00 &gt; Registo | <em>NOVA FCSH<br>\n<\/em>09:00 \u2013 09:30 &gt; Sess\u00e3o de Abertura | <em>Reitoria NOVA<br>\n<\/em>09:30 \u2013 10:30 &gt; Sess\u00e3o Plen\u00e1ria 1 (Cristina S\u00e1nchez-Carretero) | <em>Reitoria NOVA<br>\n<\/em>[10:30 \u2013 11:00 &gt; desloca\u00e7\u00e3o entre espa\u00e7os]<br>\n11:00 \u2013 13:00 &gt; Pain\u00e9is Tem\u00e1ticos<br>\n11:00 \u2013 13:00 &gt; Mostra de Filme Etnogr\u00e1fico: Filmes selecionados | <em>Audit\u00f3rio 3 Torre B \u2013 <\/em><em>NOVA FCSH\u00a0\u00a0\u00a0\u00a0\u00a0\u00a0\u00a0\u00a0\u00a0\u00a0\u00a0\u00a0\u00a0\u00a0 <\/em>[13:00 \u2013 14:00 &gt; Almo\u00e7o Livre]<br>\n13:00 \u2013 14:30 &gt; F\u00f3rum \u201cAlargar horizontes e construir futuros para a Antropologia em Portugal\u201d | <em>Audit\u00f3rio 001 Torre A\u00a0 \u2013 NOVA FCSH<\/em><br>\n14:00 \u2013 14:30 &gt; Lan\u00e7amento de Livros <em> | \u00c1trio do B1<\/em><br>\n14:30 \u2013 16:30 &gt; Pain\u00e9is Tem\u00e1ticos<br>\n14:30 \u2013 16:30 &gt; Mostra de Filme Etnogr\u00e1fico: Filmes selecionados | <em>Audit\u00f3rio 3 Torre B \u2013<\/em> <em>NOVA FCSH<br>\n<\/em>[16:30 \u2013 17:00 &gt; Ch\u00e1, caf\u00e9 e biscoitos]<br>\n17:00 \u2013 19:00 &gt; Pain\u00e9is Tem\u00e1ticos<br>\n17:00 \u2013 19:00 &gt; Mostra de Filme Etnogr\u00e1fico: Filmes selecionados | <em>Audit\u00f3rio 3 Torre B<\/em> <em>\u2013<\/em> <em>NOVA FCSH<br>\n<\/em>[19:00 \u2013 19:30 &gt; desloca\u00e7\u00e3o entre espa\u00e7os]<br>\n[20:30 \u2013 21:30\u00a0 &gt; Jantar Livre]<br>\n21:30 \u2013 23:30 &gt; Mostra de Filme Etnogr\u00e1fico: Filmes selecionados | <em>Cinemateca Portuguesa Museu do Cinema<br>\n<\/em><\/p>\n<h2><strong><u>6 de junho de 2019, Quinta-feira<\/u><\/strong><\/h2>\n<p>08:30 \u2013 18:00 &gt; Registo | <em>NOVA FCSH<br>\n<\/em>09:30 \u2013 10:30 &gt; Sess\u00e3o Plen\u00e1ria 2 (Ramon Sarr\u00f3) | <em>Reitoria NOVA<br>\n<\/em>[10:30 \u2013 11:00 &gt; desloca\u00e7\u00e3o entre espa\u00e7os]<br>\n11:00 \u2013 13:00 &gt; Pain\u00e9is Tem\u00e1ticos<br>\n11:00 \u2013 13:00 &gt; Mostra de Filme Etnogr\u00e1fico: Filmes selecionados | <em>Audit\u00f3rio 3 Torre B \u2013 <\/em><em>NOVA FCSH<br>\n<\/em>[13:00 \u2013 14:00 &gt; Almo\u00e7o Livre]<br>\n13:00 \u2013 14:30 &gt; F\u00f3rum \u201cInesperadas pol\u00edticas: espectros de ditadura, experi\u00eancias democr\u00e1ticas e panoramas de precariedade e intoler\u00e2ncias no Brasil e Portugal\u201d |\u00a0<em>Audit\u00f3rio 001 Torre A \u2013 NOVA FCSH<\/em><br>\n14:00 \u2013 14:30 &gt; Lan\u00e7amento de Livros |<em> \u00c1trio do B1<\/em><br>\n14:30 \u2013 16:30 &gt; Pain\u00e9is Tem\u00e1ticos<br>\n14:30 \u2013 16:30 &gt; Mostra de Filme Etnogr\u00e1fico: Filmes selecionados | <em>Audit\u00f3rio 3 Torre B \u2013 NOVA FCSH\u00a0\u00a0\u00a0\u00a0\u00a0\u00a0\u00a0\u00a0\u00a0\u00a0\u00a0\u00a0\u00a0\u00a0\u00a0\u00a0\u00a0\u00a0\u00a0\u00a0\u00a0\u00a0 <\/em>[16:30 \u2013 17:00 &gt; Ch\u00e1, caf\u00e9 e biscoitos]<br>\n17:00 \u2013 19:00 &gt; Pain\u00e9is Tem\u00e1ticos<br>\n17:00 \u2013 19:00 &gt; Mostra de Filme Etnogr\u00e1fico: Filmes selecionados | <em>Audit\u00f3rio3\u00a0 Torre B \u2013 NOVA FCSH \u00a0\u00a0\u00a0\u00a0\u00a0\u00a0\u00a0\u00a0\u00a0\u00a0\u00a0\u00a0 \u00a0 <\/em>19:00 \u2013 20:00 &gt; Duetos \u201cSol e Sombra\u201d \u2013 Convidados: Boaventura Sousa Santos e Jo\u00e3o de Pina-Cabral; Tema: \u201cRela\u00e7\u00e3o entre Sociologia e Antropologia\u201d | <em>NOVA FCSH (esplanada)<br>\n<\/em>20:00 &gt; Performance art\u00edstica | <em>NOVA FCSH<\/em><br>\n[20:00 \u2013 21:30 &gt; Jantar Livre]<br>\n21:30 \u2013 23:30 &gt; Mostra de Filme Etnogr\u00e1fico: Filmes selecionados | <em>Cinemateca Portuguesa Museu do Cinema<\/em><\/p>\n<h2><strong><u>7 de junho de 2019, Sexta-feira<\/u><\/strong><\/h2>\n<p>08:30 \u2013 18:00 &gt; Registo | <em>NOVA FCSH<\/em><br>\n09:00 \u201310:30 &gt; Pain\u00e9is Tem\u00e1ticos<br>\n11:00 \u2013 13:00 &gt; Pain\u00e9is Tem\u00e1ticos<br>\n11:00 \u2013 13:00 &gt; Mostra de Filme Etnogr\u00e1fico: Filmes selecionados | <em>Audit\u00f3rio 3 Torre B\u00a0 \u2013 NOVA FCSH<\/em><br>\n[13:00 \u2013 14:00 &gt; Almo\u00e7o Livre]<br>\n13:00 \u2013 14:30 &gt; Apresenta\u00e7\u00e3o de redes | <em>Audit\u00f3rio 001 Torre A \u2013 NOVA FCSH<\/em><br>\n14:00 \u2013 14:30 &gt; Lan\u00e7amento de Livros | <em>\u00c1trio do B1<\/em><br>\n14:30 \u2013 16:30 &gt; Pain\u00e9is Tem\u00e1ticos<br>\n14:30 \u2013 16:30 &gt; Mostra de Filme Etnogr\u00e1fico: Filmes selecionados |<em> Audit\u00f3rio 3 Torre B\u00a0 \u2013 NOVA FCSH<\/em><br>\n[16:30 \u2013 17:00 &gt; Ch\u00e1, caf\u00e9 e biscoitos]<br>\n17:00 \u2013 18:00 &gt; Duetos \u201cSol e Sombra\u201d: Convidados: N\u00e9lia Dias e Ana Paula Zacarias; Tema: \u201cPol\u00edticas de Patrim\u00f3nio\u201d | <em>NOVA FCSH<\/em> (esplanada)<br>\n17:00 \u2013 19:00 &gt; Mostra de Filme Etnogr\u00e1fico: Filmes selecionados | <em>NOVA FCSH<\/em><br>\n17:30 \u2013 19:00 &gt; Visita guiada \u00e0 exposi\u00e7\u00e3o Moran\u00e7as \u2013 Habitats Tradicionais da Guin\u00e9 Bissau, e passeio pelo Jardim Bot\u00e2nico | <em>MUHNAC<\/em><br>\n[19:00 \u2013 19:30 &gt; desloca\u00e7\u00e3o entre espa\u00e7os]<br>\n19:30 \u2013 20:30 &gt; Sess\u00e3o plen\u00e1ria 3: Confer\u00eancia sensorial aberta ao p\u00fablico (com interven\u00e7\u00f5es de Filipe Reis, Catarina Alves Costa e V\u00edtor Bandeira\/Tjak) | <em>Cineteatro Capit\u00f3lio<\/em><br>\n[20:30 \u2013 21:30 &gt; Jantar Livre]<br>\n22:00 \u2013 01:00 &gt; Festa de Encerramento | <em>Cineteatro Capit\u00f3lio<\/em><\/p>\n<hr>\n<h2><strong>Programa Sess\u00f5es Plen\u00e1rias<\/strong><\/h2>\n<p><strong><u>5 de junho de 2019, Quarta-feira<\/u><\/strong> | <em>Reitoria NOVA<br>\n<\/em>09:30 \u2013 10:30 &gt; Sess\u00e3o Plen\u00e1ria 1<br>\n<strong>\u201c2019: Antropolog\u00edas sobre\/para\/en transformaci\u00f3n\u201d<br>\n<\/strong>Cristina S\u00e1nchez-Carretero (Instituto de Ciencias de Patrimonio-Incipit; Consejo Superior de Investigaciones Cient\u00edficas-CSIC)<\/p>\n<p><strong><u>6 de junho de 2019, Quinta-feira<\/u><\/strong> | <em>Reitoria NOVA<br>\n<\/em>09:30 \u2013 10:30 &gt; Sess\u00e3o Plen\u00e1ria 2<br>\n<strong>\u201cA Profeta e o M\u00e1rtir: Hist\u00f3ria e Paisagem no Norte de Angola\u201d<\/strong><br>\nRamon Sarr\u00f3 (School of Anthropology and Museum Ethnography; University of Oxford)<\/p>\n<p><strong><u>7 de junho de 2019, Sexta-feira<\/u><\/strong> | <em>Cineteatro Capit\u00f3lio<br>\n<\/em>19:30 \u2013 20:30 &gt; Sess\u00e3o plen\u00e1ria 3<br>\nEsta sess\u00e3o plen\u00e1ria aberta \u00e0 cidade de Lisboa e ao p\u00fablico em geral tomar\u00e1 o formato de uma \u201cconfer\u00eancia sensorial\u201d que pretende abordar\/suscitar sensa\u00e7\u00f5es atrav\u00e9s de sons e imagens:<br>\n<strong>Filipe Reis \u2013<\/strong> \u201cA Antropologia e a escuta do mundo\u201d.<br>\n<strong>Catarina Alves Costa \u2013<\/strong> \u201cVer e ouvir o mundo como gesto etnogr\u00e1fico\u201d.<br>\n<strong>V\u00edtor Bandeira \/ Tjak<\/strong> \u2013 \u201cViajando (Brasil): Sons da floresta, ao longe tempestade. O canto do Uirapuru anuncia a vinda do bom tempo. No Mato Grosso, Xingu, encontro com Indios Kamayura, no rio Araguaya, Ilha do Bananal, com indios Karaj\u00e1. Finalmente \u201cUmbanda\u201d e transe, em Manaus. A voz do Pai de Santo acompanha-nos desde o inicio. (registos de Victor Bandeira -1964\/5)\u201d. <a href=\"https:\/\/youtu.be\/5CcuVaqfnes\">[ouvir excerto aqui]<\/a><\/p>\n<hr>\n<h2><strong>Programa Duetos \u201cSol e Sombra\u201d<\/strong><\/h2>\n<p><strong><u>6 de junho de 2019, Quinta-feira<\/u><\/strong> | <em>NOVA FCSH (esplanada)<br>\n<\/em>19:00 \u2013 20:00 &gt; Duetos \u201cSol e Sombra\u201d \u2013 1\u00aa sess\u00e3o<br>\nConvidados: Boaventura Sousa Santos e Jo\u00e3o de Pina-Cabral<br>\nTema: \u201cRela\u00e7\u00e3o entre Sociologia e Antropologia\u201d<\/p>\n<p><strong><u>7 de junho de 2019, Sexta-feira<\/u><\/strong> | <em>NOVA FCSH (esplanada)<br>\n<\/em>17:00 \u2013 18:00 &gt; Duetos \u201cSol e Sombra\u201d \u2013 2\u00aa sess\u00e3o<br>\nConvidados: N\u00e9lia Dias e Ana Paula Zacarias<br>\nTema: \u201cPol\u00edticas de Patrim\u00f3nio\u201d<\/p>\n<hr>\n<h2><strong>Programa Mostra de Filme Etnogr\u00e1fico<\/strong><\/h2>\n<p><strong>3 de junho de 2019, Segunda-feira<\/strong><br>\n14:30 \u2013 19:00 &gt; Mostra de Filme Etnogr\u00e1fico: Mostra Itinerante Pr\u00e9mio Pierre Verger |<em> Audit\u00f3rio 2 Torre B\u00a0 \u2013 NOVA FCSH<\/em><\/p>\n<p><strong>4 de junho de 2019, Ter\u00e7a-feira<\/strong><br>\n14:00 \u2013 16:30 &gt; Mostra de Filme Etnogr\u00e1fico do Centro de Estudos de Etnologia \/ homenagem a Benjamim Pereira | <em>Museu Nacional de Etnologia<\/em><br>\n21:30 \u2013 23:30 &gt; Mostra de Filme Etnogr\u00e1fico: Filmes selecionados | <em>Museu Nacional de Etnologia<\/em><\/p>\n<p><strong>5 de junho de 2019, Quarta-feira<\/strong><br>\n11:00 \u2013 13:00 &gt; Mostra de Filme Etnogr\u00e1fico: Filmes selecionados | <em>Audit\u00f3rio 3 Torre B \u2013 NOVA FCSH<\/em><br>\n14:30 \u2013 16:30 &gt; Mostra de Filme Etnogr\u00e1fico: Filmes selecionados | <em>Audit\u00f3rio 3 Torre B \u2013 NOVA FCSH<\/em><br>\n17:00 \u2013 19:00 &gt; Mostra de Filme Etnogr\u00e1fico: Filmes selecionados | <em>Audit\u00f3rio 3 Torre B \u2013 NOVA FCSH<\/em><br>\n21:30 \u2013 22:30 &gt; Mostra de Filme Etnogr\u00e1fico: Filmes selecionados | <em>Cinemateca Portuguesa Museu do Cinema<\/em><\/p>\n<p><strong>6 de junho de 2019, Quinta-feira<\/strong><br>\n11:00 \u2013 13:00 &gt; Mostra de Filme Etnogr\u00e1fico: Filmes selecionados | <em>Audit\u00f3rio 3 Torre B \u2013 NOVA FCSH<\/em><br>\n14:30 \u2013 16:30 &gt; Mostra de Filme Etnogr\u00e1fico: Filmes selecionados | <em>Audit\u00f3rio 3 Torre B \u2013 NOVA FCSH<\/em><br>\n17:00 \u2013 19:00 &gt; Mostra de Filme Etnogr\u00e1fico: Filmes selecionados | <em>Audit\u00f3rio 3 Torre B \u2013 NOVA FCSH<\/em><br>\n21:30 \u2013 22:30 &gt; Mostra de Filme Etnogr\u00e1fico: Filmes selecionados |<em> Cinemateca Portuguesa Museu do Cinema<\/em><\/p>\n<p><strong>7 de junho de 2019, Sexta-feira<\/strong><br>\n11:00 \u2013 13:00 &gt; Mostra de Filme Etnogr\u00e1fico: Filmes selecionados | <em>Audit\u00f3rio 3 Torre B \u2013 NOVA FCSH<\/em><br>\n14:30 \u2013 16:30 &gt; Mostra de Filme Etnogr\u00e1fico: Filmes selecionados | <em>Audit\u00f3rio 3 Torre B \u2013 NOVA FCSH<\/em><br>\n17:00 \u2013 19:00 &gt; Mostra de Filme Etnogr\u00e1fico: Filmes selecionados |\u00a0<em>Audit\u00f3rio 3 Torre B \u2013 NOVA FCSH<\/em><\/p>\n<hr>\n<h2><strong>Programa F\u00f3runs<\/strong><\/h2>\n<p><strong>5 de junho de 2019, quarta-feira<\/strong><\/p>\n<p>13:00 \u2013 14:30 &gt; \u201cAlargar horizontes e construir futuros para a Antropologia em Portugal\u201d |<em> Audit\u00f3rio 001 Torre A \u2013 NOVA FCSH<\/em><br>\nA Antropologia em Portugal mais conhecida pelo trabalho acad\u00e9mico e de investiga\u00e7\u00e3o realizado nas universidades tem trilhado um caminho importante para enraizar e inscrever a nossa ci\u00eancia no panorama nacional e internacional cient\u00edfico. Por\u00e9m, outros caminhos menos conhecidos mas igualmente importantes devem ser convocados, se quisermos tamb\u00e9m inscrever a Antropologia noutras \u00e1reas de trabalho. Sabemos que h\u00e1 antrop\u00f3logos que trabalham\u00a0 nas escolas, associa\u00e7\u00f5es, ONG\u2019s, museus, arquivos, bibliotecas, em projectos de educa\u00e7\u00e3o intercultural, c\u00e2maras municipais, cujo trabalho n\u00e3o tem a visibilidade merecida. A precariedade e incerteza em rela\u00e7\u00e3o ao futuro t\u00eam acompanhado muitos destes profissionais que veem a sua vida depender de aprova\u00e7\u00e3o ou n\u00e3o de projectos, retirando a estabilidade necess\u00e1ria para a reflex\u00e3o cr\u00edtica t\u00e3o cara \u00e0 disciplina.<br>\nA falta de reconhecimento p\u00fablico da import\u00e2ncia da Antropologia na sociedade diminui as oportunidades de trabalho dos estudantes de antropologia no futuro, podendo provocar uma diminui\u00e7\u00e3o do n\u00famero de estudantes que escolhem esta disciplina nos diferentes ciclos de estudo no ensino superior. A m\u00e9dio, longo prazo o que ser\u00e1 da antropologia? Nesta mesa-debate ou lunch meeting para todos\/as podermos estar presentes, queremos partilhar algumas experi\u00eancias da antropologia no campo da educa\u00e7\u00e3o e debater aspetos relativos \u00e0 pr\u00e1tica de profissionais de antropologia dentro e fora da academia, procurando construir melhores rela\u00e7\u00f5es entre o meio acad\u00e9mico e os outros meios onde podemos e devemos encontrar a Antropologia.<\/p>\n<p>Organiza\u00e7\u00e3o: Jo\u00e3o Ba\u00eda, Doutorando ICS-UL, assistente de investiga\u00e7\u00e3o CIES-IUL<br>\nRita Cachado, CIES-IUL, dire\u00e7\u00e3o APA<br>\nModerador: Jo\u00e3o Ba\u00eda, Doutorando ICS-UL, assistente de investiga\u00e7\u00e3o CIES-IUL<br>\n<strong>Antropologia nas escolas secund\u00e1rias. Debates antigos, novas lutas<\/strong><br>\nLurdes Pequito, CRIA, Professora na Escola Secund\u00e1ria Rainha D. Leonor<br>\n<strong>Presen\u00e7a da Antropologia na escola e na inf\u00e2ncia<\/strong><br>\nGiulia Cavallo CRIA-IUL<br>\n<strong>Experi\u00eancia da antropologia no ensino superior com refugiados: o projeto \u201cLiving in a Different Culture\u201d<\/strong><br>\nCristina Santinho, CRIA-IULAntrop\u00f3logos portugueses.<br>\n<strong>Como a APA v\u00ea a precariedade<\/strong><br>\nSusana Matos VIegas, ICS-UL<br>\n<strong>Debate<\/strong><\/p>\n<p><strong>6 de junho de 2019, quinta-feira<\/strong><\/p>\n<p>13:00 \u2013 14:30 &gt; F\u00f3rum \u201cInesperadas pol\u00edticas: espectros de ditadura, experi\u00eancias democr\u00e1ticas e panoramas de precariedade e intoler\u00e2ncias no Brasil e Portugal\u201d | <em>Anfiteatro 1\u00a0 \u2013 NOVA FCSH<\/em><\/p>\n<p><strong>Organiza\u00e7\u00e3o<\/strong>:<br>\nMaria Filomena Gregori, presidente da ABA (gest\u00e3o 2019-2020)<br>\nBela Feldman-Bianco, ex-presidente da ABA (gest\u00e3o 2011-2012)<br>\nClara Saraiva, presidente da APA<br>\nCristiana Bastos, direc\u00e7\u00e3o da APA<\/p>\n<p>Neste f\u00f3rum visamos estimular reflex\u00f5es cruzadas sobre como crises conjunturais impactam a vida quotidiana, os ativismos e as mobiliza\u00e7\u00f5es sociais em cen\u00e1rios diversos. Olharemos para o Brasil e Portugal, frente aos percal\u00e7os gerados por crises globais de pol\u00edticas neoliberais e exacerbados nacionalismos, resultando no aumento de expuls\u00f5es (Sassen 2014), despossess\u00e3o (Harvey 2006), e intoler\u00e2ncias. Em Portugal, os processos de conquista de direitos decorrentes de Abril de 1974, descoloniza\u00e7\u00e3o e ingresso na Comunidade Europa foram abalados pela crise dos anos 2008-2009 e por pol\u00edticas tecnocr\u00e1ticas. Ap\u00f3s a mudan\u00e7a eleitoral novas ac\u00e7\u00f5es governamentais est\u00e3o tentando contornar os efeitos da crise. Comparativamente, o Brasil viveu, desde a constituinte cidad\u00e3 de 1988, um processo de amplia\u00e7\u00e3o de direitos e de diminui\u00e7\u00e3o das desigualdades sociais. A crise econ\u00f3mica deflagrada na d\u00e9cada de 2010, ocasionando a escalada de desemprego e da precariza\u00e7\u00e3o, acrescida pela vit\u00f3ria eleitoral da extrema direita est\u00e3o trazendo \u00e0 tona espectros da \u00faltima ditadura (1964-1985) e dando express\u00e3o a manifesta\u00e7\u00f5es variadas de intoler\u00e2ncia e de retrocessos legais e institucionais. Intercruzando esses diferentes contextos hist\u00f3ricos e conjunturais particulares diante das actuais configura\u00e7\u00f5es geopol\u00edticas globais, usaremos a etnografia para analisar a rela\u00e7\u00e3o din\u00e2mica entre processos macrosc\u00f3picos e microvivenciais, sobretudo os relativos \u00e0 conquista de direitos e as amea\u00e7as \u00e0 sua efectiva\u00e7\u00e3o.<\/p>\n<p><strong>Participantes<\/strong><br>\nBela Feldman Bianco, <span lang=\"PT-BR\">UNICAMP<\/span><br>\nMaria Filomena Gregori, <span lang=\"PT-BR\">UNICAMP, ABA<\/span><br>\nCarmen Rial (discussant), <span lang=\"PT-BR\">UFSC, WCAA<\/span><br>\nClara Saraiva (moderadora), CEC-FLUL e APA<br>\nCristiana Bastos ICS-UL e APA<br>\nMiguel Vale de Almeida, ISCTE-IUL e CRIA<br>\nSusana Viegas, ICS-IUL<br>\nJo\u00e3o Pina Cabral, ICS-IUL<br>\nMiriam Grossi, <span lang=\"PT-BR\">UFSC, ANPOCS\u00a0<\/span><br>\nS\u00e9rgio Carrara, UERJ, ABA<\/p>\n<hr>\n<h2><strong>Mesa Redonda HERILIGION<br>\n<\/strong><\/h2>\n<p>Esta mesa redonda pretende discutir quest\u00f5es ligadas ao\u00a0 projecto HERILIGION,\u00a0 um projecto HERA (Humanities in the European Research Council) que estuda as rela\u00e7\u00f5es entre patrim\u00f3nio e religi\u00e3o, explorando os paradoxos e as tens\u00f5es inerentes \u00e0 patrimonializa\u00e7\u00e3o dos locais religiosos e \u00e0 sacraliza\u00e7\u00e3o dos espa\u00e7os seculares \/ culturais.<\/p>\n<p>Procura-se analisar as consequ\u00eancias da patrimonializa\u00e7\u00e3o de s\u00edtios, objectos e pr\u00e1ticas religiosas que antes n\u00e3o eram consideradas patrim\u00f3nio, e que podem provocar tens\u00f5es entre patrim\u00f3nio e grupos religiosos, entre sacraliza\u00e7\u00f5es e usos religiosos e seculares, e entre diferentes disciplinas e regimes de gest\u00e3o. A pesquisa tenta contribuir para compreender, gerir e desarmar estas tens\u00f5es, com benef\u00edcio para representantes religiosos e do patrim\u00f3nio na Europa. A pesquisa tem lugar em locais religiosos e patrimoniais na Dinamarca, Holanda, Pol\u00f3nia, Portugal e Reino Unido, os v\u00e1rios pa\u00edses que fazem parte deste cons\u00f3rcio HERA.<\/p>\n<p>Em Portugal, o projecto centra-se principalmente nos processos de patrimonializa\u00e7\u00e3o associados a quatro locais estrat\u00e9gicos que evidenciam as m\u00faltiplas intersec\u00e7\u00f5es entre as abordagens secular e religiosa do patrim\u00f3nio: Sintra, F\u00e1tima, M\u00e9rtola e Mouraria, Lisboa.<\/p>\n<p><strong>Participantes: <\/strong>Clara Saraiva CEC-FLUL; Maria Cardeira da Silva\u00a0 CRIA-NOVA; Anna Fedele CRIA-ISCTE; Jos\u00e9 Mapril\u00a0 CRIA-NOVA; Giulia Cavallo CRIA; Francesca di Luca CEC-FLUL; Cyril Isnart IDEMEC; Jonas Amarante, CRIA-NOVA; Virtudes Tellez Delgado Universidad de Castilla-La Mancha \/ CRIA<\/p>\n<hr>\n<h2><strong>Programa Apresenta\u00e7\u00e3o de Redes<br>\n<\/strong><\/h2>\n<p><strong>7 de junho de 2019, sexta-feira<\/strong><\/p>\n<p>13:00 \u2013 14:30 &gt;Apresenta\u00e7\u00e3o das redes: BEROSE, Rede de Etnografia Urbana. ETNO.URB, ANEANT | <em>Audit\u00f3rio 001 Torre A \u2013 NOVA FCSH<\/em><\/p>\n<p><strong>BEROSE International Encyclopaedia of the Histories of Anthropology<\/strong><br>\nApresenta\u00e7\u00e3o: Frederico D. Rosa<\/p>\n<p>B\u00e9rose is an online encyclopaedia dedicated to the history of anthropology in the broadest sense, including ethnography, ethnology, folklore studies and related disciplines. The website has three cornerstones, which are constantly being expanded : topical dossiers that compile research outputs and primary documents ; an online publication series (Carnets de B\u00e9rose) ; and regular academic workshops and conferences.<br>\nThe dossiers cover :<\/p>\n<p>The lives and work of anthropologists and ethnographers ;<br>\nThe development of anthropological and ethnographic journals ;<br>\nThe history of anthropological institutions, broadly defined.<\/p>\n<p>Each dossier contains an introductory article presenting historical or biographical information, followed by links to documents related to the subject, including primary source material in digital form, and a relational diagram which enables users to visualize the intellectual and institutional networks.<\/p>\n<p>B\u00e9rose researchers are conscious that anthropology and the history of anthropology are infinitely multiple and that this history cannot be reduced to a single historical narrative, History with a capital H \u2013 a canonical and teleological corpus focusing on a few grand national traditions, theoretical currents, founding fathers and theoreticians honoured in textbooks. On the contrary they proclaim a practice and writing of the history of anthropology that is envisioned both from the central cores and from the margins of the loci of knowledge production. Their vision embraces specializations by area of culture or geography, by theme or topic, and encompasses competing and contemporaneous undertakings, personalities, ambitions and projects in anthropology, some well known and recognized, some little known, some largely forgotten.<\/p>\n<p>The plural form in BEROSE International Encyclopaedia of the Histories of Anthropology is in line with the growing perception that there is not a single anthropology but a broad spectrum of anthropological and ethnological traditions \u2013 and that their histories are also plural. The interdisciplinary audience in the field of the history of anthropology is engaged by the pluralizing of histories, whether by historians of science, social and cultural anthropologists, folklorists, indigenous researchers, representatives of World Anthropologies, etc., whose approaches are varied.<\/p>\n<p><strong>Rede de Etnografia Urbana. ETNO.URB<\/strong><br>\nAutoras: Patr\u00edcia Pereira, Rita Cachado e L\u00edgia Ferro<br>\nApresenta\u00e7\u00e3o: Patr\u00edcia Pereira<\/p>\n<p>A Rede de Etnografia Urbana nasceu do resultado de um conjunto de projetos nacionais e internacionais feitos por investigadores interessados nos contextos urbanos e com forte componente etnogr\u00e1fica nas suas pesquisas.<br>\nSediada em Portugal, tem forte presen\u00e7a no Brasil e em alguns pa\u00edses europeus. O blog da Rede \u00e9 escrito em portugu\u00eas e permite divulgar as suas pesquisas em diferentes cidades, congregando num mesmo s\u00edtio informa\u00e7\u00e3o \u00fatil para cientistas de v\u00e1rias \u00e1reas das ci\u00eancias sociais e humanas e tamb\u00e9m da arquitetura e das artes.<\/p>\n<p><strong>ANEANT<\/strong><br>\nA Associa\u00e7\u00e3o de Estudantes de Antropologia surge no ano de 2018, ap\u00f3s o trabalho conjunto de alunos de Antropologia de v\u00e1rios p\u00f3los de estudos. A sua conceptualiza\u00e7\u00e3o adv\u00e9m de uma necessidade de coopera\u00e7\u00e3o e representa\u00e7\u00e3o nacional dos corpos estudantis e dos seus representantes. Os seus objectivos baseiam-se na fomenta\u00e7\u00e3o de coopera\u00e7\u00e3o e rela\u00e7\u00f5es entre os estudantes de Antropologia de Portugal, permitindo uma maior rede de contactos, oportunidades e actividades que apoiem a forma\u00e7\u00e3o, e maior conhecimento das sa\u00eddas profissionais da \u00e1rea.<\/p>\n<p>Oradores: Daniel Alves; Augusto Ferreira<\/p>\n<\/body>","protected":false},"excerpt":{"rendered":"<p><a class=\"more-link\" href=\"https:\/\/apa2019.apantropologia.org\/en\/program\/\">Read More<\/a><\/p>\n","protected":false},"author":1,"featured_media":0,"parent":0,"menu_order":0,"comment_status":"closed","ping_status":"closed","template":"","meta":{"om_disable_all_campaigns":false,"_monsterinsights_skip_tracking":false,"_monsterinsights_sitenote_active":false,"_monsterinsights_sitenote_note":"","_monsterinsights_sitenote_category":0,"jetpack_post_was_ever_published":false,"footnotes":""},"class_list":["post-830","page","type-page","status-publish","hentry"],"jetpack_sharing_enabled":true,"jetpack_shortlink":"https:\/\/wp.me\/Pa0GuG-do","jetpack-related-posts":[],"_links":{"self":[{"href":"https:\/\/apa2019.apantropologia.org\/en\/wp-json\/wp\/v2\/pages\/830"}],"collection":[{"href":"https:\/\/apa2019.apantropologia.org\/en\/wp-json\/wp\/v2\/pages"}],"about":[{"href":"https:\/\/apa2019.apantropologia.org\/en\/wp-json\/wp\/v2\/types\/page"}],"author":[{"embeddable":true,"href":"https:\/\/apa2019.apantropologia.org\/en\/wp-json\/wp\/v2\/users\/1"}],"replies":[{"embeddable":true,"href":"https:\/\/apa2019.apantropologia.org\/en\/wp-json\/wp\/v2\/comments?post=830"}],"version-history":[{"count":5,"href":"https:\/\/apa2019.apantropologia.org\/en\/wp-json\/wp\/v2\/pages\/830\/revisions"}],"predecessor-version":[{"id":1170,"href":"https:\/\/apa2019.apantropologia.org\/en\/wp-json\/wp\/v2\/pages\/830\/revisions\/1170"}],"wp:attachment":[{"href":"https:\/\/apa2019.apantropologia.org\/en\/wp-json\/wp\/v2\/media?parent=830"}],"curies":[{"name":"wp","href":"https:\/\/api.w.org\/{rel}","templated":true}]}}